{"id":2,"date":"2021-10-17T16:39:45","date_gmt":"2021-10-17T14:39:45","guid":{"rendered":"https:\/\/mittelstandsforum.org\/thueringen\/?page_id=2"},"modified":"2026-03-24T13:55:39","modified_gmt":"2026-03-24T12:55:39","slug":"beispiel-seite","status":"publish","type":"page","link":"https:\/\/mittelstandsforum.org\/thueringen\/","title":{"rendered":"Startseite"},"content":{"rendered":"\t\t<div data-elementor-type=\"wp-page\" data-elementor-id=\"2\" class=\"elementor elementor-2\" data-elementor-post-type=\"page\">\n\t\t\t\t<div class=\"elementor-element elementor-element-ef58322 e-flex e-con-boxed e-con e-parent\" data-id=\"ef58322\" data-element_type=\"container\" data-e-type=\"container\">\n\t\t\t\t\t<div class=\"e-con-inner\">\n\t\t<a class=\"elementor-element elementor-element-6168348 e-con-full e-flex e-con e-child\" data-id=\"6168348\" data-element_type=\"container\" data-e-type=\"container\" href=\"https:\/\/mittelstandsforum.org\/thueringen\/\">\n\t\t<div class=\"elementor-element elementor-element-6174257 e-con-full e-flex e-con e-child\" data-id=\"6174257\" data-element_type=\"container\" data-e-type=\"container\">\n\t\t\t\t<div class=\"elementor-element elementor-element-bde8ee6 elementor-widget__width-auto elementor-widget elementor-widget-heading\" data-id=\"bde8ee6\" data-element_type=\"widget\" data-e-type=\"widget\" data-widget_type=\"heading.default\">\n\t\t\t\t<div class=\"elementor-widget-container\">\n\t\t\t\t\t<h1 class=\"elementor-heading-title elementor-size-default\">Th\u00fcringen<\/h1>\t\t\t\t<\/div>\n\t\t\t\t<\/div>\n\t\t\t\t<\/div>\n\t\t\t\t<\/a>\n\t\t\t\t\t<\/div>\n\t\t\t\t<\/div>\n\t\t<div class=\"elementor-element elementor-element-f16f454 e-flex e-con-boxed e-con e-parent\" data-id=\"f16f454\" data-element_type=\"container\" data-e-type=\"container\">\n\t\t\t\t\t<div class=\"e-con-inner\">\n\t\t<div class=\"elementor-element elementor-element-00f637c e-con-full e-flex e-con e-child\" data-id=\"00f637c\" data-element_type=\"container\" data-e-type=\"container\">\n\t\t<div class=\"elementor-element elementor-element-66b3e28 e-con-full e-flex e-con e-child\" data-id=\"66b3e28\" data-element_type=\"container\" data-e-type=\"container\">\n\t\t\t\t<div class=\"elementor-element elementor-element-324d49a elementor-widget elementor-widget-heading\" data-id=\"324d49a\" data-element_type=\"widget\" data-e-type=\"widget\" data-widget_type=\"heading.default\">\n\t\t\t\t<div class=\"elementor-widget-container\">\n\t\t\t\t\t<h4 class=\"elementor-heading-title elementor-size-default\">Ihr Landesrepr\u00e4sentant in Th\u00fcringen:<\/h4>\t\t\t\t<\/div>\n\t\t\t\t<\/div>\n\t\t\t\t<\/div>\n\t\t<div class=\"elementor-element elementor-element-203849b e-con-full e-flex e-con e-child\" data-id=\"203849b\" data-element_type=\"container\" data-e-type=\"container\">\n\t\t<div class=\"elementor-element elementor-element-d70f436 e-con-full e-flex e-con e-child\" data-id=\"d70f436\" data-element_type=\"container\" data-e-type=\"container\">\n\t\t\t\t<div class=\"elementor-element elementor-element-4c572bf elementor-widget elementor-widget-image\" data-id=\"4c572bf\" data-element_type=\"widget\" data-e-type=\"widget\" data-widget_type=\"image.default\">\n\t\t\t\t<div class=\"elementor-widget-container\">\n\t\t\t\t\t\t\t\t\t\t\t\t\t\t\t<img decoding=\"async\" width=\"196\" height=\"244\" src=\"https:\/\/mittelstandsforum.org\/thueringen\/wp-content\/uploads\/sites\/17\/2025\/08\/prophet.jpg\" class=\"attachment-full size-full wp-image-29\" alt=\"\" \/>\t\t\t\t\t\t\t\t\t\t\t\t\t\t\t<\/div>\n\t\t\t\t<\/div>\n\t\t\t\t<\/div>\n\t\t<div class=\"elementor-element elementor-element-e2f79d0 e-con-full e-flex e-con e-child\" data-id=\"e2f79d0\" data-element_type=\"container\" data-e-type=\"container\">\n\t\t\t\t<div class=\"elementor-element elementor-element-9456373 elementor-widget elementor-widget-image\" data-id=\"9456373\" data-element_type=\"widget\" data-e-type=\"widget\" data-widget_type=\"image.default\">\n\t\t\t\t<div class=\"elementor-widget-container\">\n\t\t\t\t\t\t\t\t\t\t\t\t\t\t\t<img decoding=\"async\" width=\"86\" height=\"99\" src=\"https:\/\/mittelstandsforum.org\/thueringen\/wp-content\/uploads\/sites\/17\/2026\/01\/msf-thueringen.jpg\" class=\"attachment-full size-full wp-image-80\" alt=\"\" \/>\t\t\t\t\t\t\t\t\t\t\t\t\t\t\t<\/div>\n\t\t\t\t<\/div>\n\t\t\t\t<div class=\"elementor-element elementor-element-2e32d66 elementor-widget elementor-widget-heading\" data-id=\"2e32d66\" data-element_type=\"widget\" data-e-type=\"widget\" data-widget_type=\"heading.default\">\n\t\t\t\t<div class=\"elementor-widget-container\">\n\t\t\t\t\t<h5 class=\"elementor-heading-title elementor-size-default\">J\u00f6rg Prophet, MdL <a target=\"_blank\" href=\"https:\/\/www.youtube.com\/watch?v=_zc7g9XjjcY\">(Video)<\/a><\/h5>\t\t\t\t<\/div>\n\t\t\t\t<\/div>\n\t\t\t\t<div class=\"elementor-element elementor-element-211b1e6 elementor-align-center elementor-icon-list--layout-traditional elementor-list-item-link-full_width elementor-widget elementor-widget-icon-list\" data-id=\"211b1e6\" data-element_type=\"widget\" data-e-type=\"widget\" data-widget_type=\"icon-list.default\">\n\t\t\t\t<div class=\"elementor-widget-container\">\n\t\t\t\t\t\t\t<ul class=\"elementor-icon-list-items\">\n\t\t\t\t\t\t\t<li class=\"elementor-icon-list-item\">\n\t\t\t\t\t\t\t\t\t\t\t<a href=\"mailto:thueringen@mittelstandsforum.org\">\n\n\t\t\t\t\t\t\t\t\t\t\t\t<span class=\"elementor-icon-list-icon\">\n\t\t\t\t\t\t\t<i aria-hidden=\"true\" class=\"fas fa-envelope\"><\/i>\t\t\t\t\t\t<\/span>\n\t\t\t\t\t\t\t\t\t\t<span class=\"elementor-icon-list-text\">thueringen@mittelstandsforum.org<\/span>\n\t\t\t\t\t\t\t\t\t\t\t<\/a>\n\t\t\t\t\t\t\t\t\t<\/li>\n\t\t\t\t\t\t<\/ul>\n\t\t\t\t\t\t<\/div>\n\t\t\t\t<\/div>\n\t\t\t\t<\/div>\n\t\t\t\t<\/div>\n\t\t\t\t<\/div>\n\t\t<a class=\"elementor-element elementor-element-80f316c e-con-full e-flex e-con e-child\" data-id=\"80f316c\" data-element_type=\"container\" data-e-type=\"container\" href=\"https:\/\/mittelstandsforum.org\/thueringen\/blog\/\">\n\t\t<div class=\"elementor-element elementor-element-2d497b2 e-con-full e-flex e-con e-child\" data-id=\"2d497b2\" data-element_type=\"container\" data-e-type=\"container\">\n\t\t\t\t<div class=\"elementor-element elementor-element-4a329f6 elementor-widget elementor-widget-heading\" data-id=\"4a329f6\" data-element_type=\"widget\" data-e-type=\"widget\" data-widget_type=\"heading.default\">\n\t\t\t\t<div class=\"elementor-widget-container\">\n\t\t\t\t\t<h4 class=\"elementor-heading-title elementor-size-default\">Neuigkeiten aus Th\u00fcringen:<\/h4>\t\t\t\t<\/div>\n\t\t\t\t<\/div>\n\t\t\t\t<\/div>\n\t\t<div class=\"elementor-element elementor-element-c26006e e-con-full e-flex e-con e-child\" data-id=\"c26006e\" data-element_type=\"container\" data-e-type=\"container\">\n\t\t<div class=\"elementor-element elementor-element-2bd159b e-con-full e-flex e-con e-child\" data-id=\"2bd159b\" data-element_type=\"container\" data-e-type=\"container\">\n\t\t\t\t<div class=\"elementor-element elementor-element-ee44817 elementor-widget elementor-widget-image\" data-id=\"ee44817\" data-element_type=\"widget\" data-e-type=\"widget\" data-widget_type=\"image.default\">\n\t\t\t\t<div class=\"elementor-widget-container\">\n\t\t\t\t\t\t\t\t\t\t\t\t\t\t\t<img fetchpriority=\"high\" decoding=\"async\" width=\"405\" height=\"220\" src=\"https:\/\/mittelstandsforum.org\/thueringen\/wp-content\/uploads\/sites\/17\/2026\/01\/PHOTO-2026-01-13-11-42-26.jpg\" class=\"attachment-full size-full wp-image-78\" alt=\"\" srcset=\"https:\/\/mittelstandsforum.org\/thueringen\/wp-content\/uploads\/sites\/17\/2026\/01\/PHOTO-2026-01-13-11-42-26.jpg 405w, https:\/\/mittelstandsforum.org\/thueringen\/wp-content\/uploads\/sites\/17\/2026\/01\/PHOTO-2026-01-13-11-42-26-300x163.jpg 300w\" sizes=\"(max-width: 405px) 100vw, 405px\" \/>\t\t\t\t\t\t\t\t\t\t\t\t\t\t\t<\/div>\n\t\t\t\t<\/div>\n\t\t\t\t<\/div>\n\t\t<div class=\"elementor-element elementor-element-9f492fc e-con-full e-flex e-con e-child\" data-id=\"9f492fc\" data-element_type=\"container\" data-e-type=\"container\">\n\t\t\t\t<div class=\"elementor-element elementor-element-78bbb83 elementor-widget elementor-widget-image\" data-id=\"78bbb83\" data-element_type=\"widget\" data-e-type=\"widget\" data-widget_type=\"image.default\">\n\t\t\t\t<div class=\"elementor-widget-container\">\n\t\t\t\t\t\t\t\t\t\t\t\t\t\t\t<img decoding=\"async\" width=\"86\" height=\"99\" src=\"https:\/\/mittelstandsforum.org\/thueringen\/wp-content\/uploads\/sites\/17\/2026\/01\/msf-thueringen.jpg\" class=\"attachment-full size-full wp-image-80\" alt=\"\" \/>\t\t\t\t\t\t\t\t\t\t\t\t\t\t\t<\/div>\n\t\t\t\t<\/div>\n\t\t\t\t<div class=\"elementor-element elementor-element-00fdcd2 elementor-widget elementor-widget-heading\" data-id=\"00fdcd2\" data-element_type=\"widget\" data-e-type=\"widget\" data-widget_type=\"heading.default\">\n\t\t\t\t<div class=\"elementor-widget-container\">\n\t\t\t\t\t<h5 class=\"elementor-heading-title elementor-size-default\">Veranstaltungen &amp; Aktuelles<\/h5>\t\t\t\t<\/div>\n\t\t\t\t<\/div>\n\t\t\t\t<div class=\"elementor-element elementor-element-6881deb elementor-widget elementor-widget-text-editor\" data-id=\"6881deb\" data-element_type=\"widget\" data-e-type=\"widget\" data-widget_type=\"text-editor.default\">\n\t\t\t\t<div class=\"elementor-widget-container\">\n\t\t\t\t\t\t\t\t\t<p style=\"text-align: center;\">mittelstandsforum.org\/thueringen\/blog\/<\/p>\t\t\t\t\t\t\t\t<\/div>\n\t\t\t\t<\/div>\n\t\t\t\t<\/div>\n\t\t\t\t<\/div>\n\t\t\t\t<\/a>\n\t\t\t\t\t<\/div>\n\t\t\t\t<\/div>\n\t\t<div class=\"elementor-element elementor-element-4f68f44 e-flex e-con-boxed e-con e-parent\" data-id=\"4f68f44\" data-element_type=\"container\" data-e-type=\"container\">\n\t\t\t\t\t<div class=\"e-con-inner\">\n\t\t<div class=\"elementor-element elementor-element-1928f6f e-con-full e-flex e-con e-child\" data-id=\"1928f6f\" data-element_type=\"container\" data-e-type=\"container\">\n\t\t<div class=\"elementor-element elementor-element-b43d001 e-con-full e-flex e-con e-child\" data-id=\"b43d001\" data-element_type=\"container\" data-e-type=\"container\">\n\t\t\t\t<div class=\"elementor-element elementor-element-1b74807 elementor-widget elementor-widget-heading\" data-id=\"1b74807\" data-element_type=\"widget\" data-e-type=\"widget\" data-widget_type=\"heading.default\">\n\t\t\t\t<div class=\"elementor-widget-container\">\n\t\t\t\t\t<h4 class=\"elementor-heading-title elementor-size-default\">Team:<\/h4>\t\t\t\t<\/div>\n\t\t\t\t<\/div>\n\t\t\t\t<\/div>\n\t\t<div class=\"elementor-element elementor-element-72caade e-con-full e-flex e-con e-child\" data-id=\"72caade\" data-element_type=\"container\" data-e-type=\"container\">\n\t\t<div class=\"elementor-element elementor-element-1b87a5d e-con-full e-flex e-con e-child\" data-id=\"1b87a5d\" data-element_type=\"container\" data-e-type=\"container\">\n\t\t\t\t<div class=\"elementor-element elementor-element-9840429 elementor-widget elementor-widget-image\" data-id=\"9840429\" data-element_type=\"widget\" data-e-type=\"widget\" data-widget_type=\"image.default\">\n\t\t\t\t<div class=\"elementor-widget-container\">\n\t\t\t\t\t\t\t\t\t\t\t\t\t\t\t<img loading=\"lazy\" decoding=\"async\" width=\"196\" height=\"244\" src=\"https:\/\/mittelstandsforum.org\/thueringen\/wp-content\/uploads\/sites\/17\/2026\/01\/ettst.jpg\" class=\"attachment-full size-full wp-image-118\" alt=\"\" \/>\t\t\t\t\t\t\t\t\t\t\t\t\t\t\t<\/div>\n\t\t\t\t<\/div>\n\t\t\t\t<\/div>\n\t\t<div class=\"elementor-element elementor-element-6f0d208 e-con-full e-flex e-con e-child\" data-id=\"6f0d208\" data-element_type=\"container\" data-e-type=\"container\">\n\t\t\t\t<div class=\"elementor-element elementor-element-66f1abd elementor-widget elementor-widget-heading\" data-id=\"66f1abd\" data-element_type=\"widget\" data-e-type=\"widget\" data-widget_type=\"heading.default\">\n\t\t\t\t<div class=\"elementor-widget-container\">\n\t\t\t\t\t<h5 class=\"elementor-heading-title elementor-size-default\">Alexander Claus<\/h5>\t\t\t\t<\/div>\n\t\t\t\t<\/div>\n\t\t\t\t<div class=\"elementor-element elementor-element-b2d7244 elementor-align-center elementor-icon-list--layout-traditional elementor-list-item-link-full_width elementor-widget elementor-widget-icon-list\" data-id=\"b2d7244\" data-element_type=\"widget\" data-e-type=\"widget\" data-widget_type=\"icon-list.default\">\n\t\t\t\t<div class=\"elementor-widget-container\">\n\t\t\t\t\t\t\t<ul class=\"elementor-icon-list-items\">\n\t\t\t\t\t\t\t<li class=\"elementor-icon-list-item\">\n\t\t\t\t\t\t\t\t\t\t<span class=\"elementor-icon-list-text\">Referent f\u00fcr Wirtschaftspolitik und Pressearbeit<\/span>\n\t\t\t\t\t\t\t\t\t<\/li>\n\t\t\t\t\t\t<\/ul>\n\t\t\t\t\t\t<\/div>\n\t\t\t\t<\/div>\n\t\t\t\t<\/div>\n\t\t\t\t<\/div>\n\t\t\t\t<\/div>\n\t\t<div class=\"elementor-element elementor-element-d820180 e-con-full e-flex e-con e-child\" data-id=\"d820180\" data-element_type=\"container\" data-e-type=\"container\">\n\t\t\t\t<\/div>\n\t\t\t\t\t<\/div>\n\t\t\t\t<\/div>\n\t\t<div class=\"elementor-element elementor-element-74b7cd7 e-flex e-con-boxed e-con e-parent\" data-id=\"74b7cd7\" data-element_type=\"container\" data-e-type=\"container\">\n\t\t\t\t\t<div class=\"e-con-inner\">\n\t\t<div class=\"elementor-element elementor-element-976389b e-con-full e-flex e-con e-child\" data-id=\"976389b\" data-element_type=\"container\" data-e-type=\"container\">\n\t\t<div class=\"elementor-element elementor-element-35fa4a3 e-con-full e-flex e-con e-child\" data-id=\"35fa4a3\" data-element_type=\"container\" data-e-type=\"container\">\n\t\t<div class=\"elementor-element elementor-element-46806bc e-con-full e-flex e-con e-child\" data-id=\"46806bc\" data-element_type=\"container\" data-e-type=\"container\">\n\t\t\t\t<div class=\"elementor-element elementor-element-0250ec4 elementor-widget elementor-widget-image\" data-id=\"0250ec4\" data-element_type=\"widget\" data-e-type=\"widget\" data-widget_type=\"image.default\">\n\t\t\t\t<div class=\"elementor-widget-container\">\n\t\t\t\t\t\t\t\t\t\t\t\t\t\t\t<img loading=\"lazy\" decoding=\"async\" width=\"196\" height=\"244\" src=\"https:\/\/mittelstandsforum.org\/thueringen\/wp-content\/uploads\/sites\/17\/2026\/03\/foto-folgt-logo.jpg\" class=\"attachment-full size-full wp-image-187\" alt=\"\" \/>\t\t\t\t\t\t\t\t\t\t\t\t\t\t\t<\/div>\n\t\t\t\t<\/div>\n\t\t\t\t<\/div>\n\t\t<div class=\"elementor-element elementor-element-df3d4d9 e-con-full e-flex e-con e-child\" data-id=\"df3d4d9\" data-element_type=\"container\" data-e-type=\"container\">\n\t\t\t\t<div class=\"elementor-element elementor-element-f8769d5 elementor-widget elementor-widget-heading\" data-id=\"f8769d5\" data-element_type=\"widget\" data-e-type=\"widget\" data-widget_type=\"heading.default\">\n\t\t\t\t<div class=\"elementor-widget-container\">\n\t\t\t\t\t<h5 class=\"elementor-heading-title elementor-size-default\">Michael Maletz<\/h5>\t\t\t\t<\/div>\n\t\t\t\t<\/div>\n\t\t\t\t<div class=\"elementor-element elementor-element-5d10b0b elementor-align-center elementor-icon-list--layout-traditional elementor-list-item-link-full_width elementor-widget elementor-widget-icon-list\" data-id=\"5d10b0b\" data-element_type=\"widget\" data-e-type=\"widget\" data-widget_type=\"icon-list.default\">\n\t\t\t\t<div class=\"elementor-widget-container\">\n\t\t\t\t\t\t\t<ul class=\"elementor-icon-list-items\">\n\t\t\t\t\t\t\t<li class=\"elementor-icon-list-item\">\n\t\t\t\t\t\t\t\t\t\t<span class=\"elementor-icon-list-text\">Beauftragter f\u00fcr Organisation und Veranstaltungen<\/span>\n\t\t\t\t\t\t\t\t\t<\/li>\n\t\t\t\t\t\t<\/ul>\n\t\t\t\t\t\t<\/div>\n\t\t\t\t<\/div>\n\t\t\t\t<\/div>\n\t\t\t\t<\/div>\n\t\t\t\t<\/div>\n\t\t<div class=\"elementor-element elementor-element-ff98d76 e-con-full e-flex e-con e-child\" data-id=\"ff98d76\" data-element_type=\"container\" data-e-type=\"container\">\n\t\t\t\t<\/div>\n\t\t\t\t\t<\/div>\n\t\t\t\t<\/div>\n\t\t<div class=\"elementor-element elementor-element-451b47b e-flex e-con-boxed e-con e-parent\" data-id=\"451b47b\" data-element_type=\"container\" data-e-type=\"container\">\n\t\t\t\t\t<div class=\"e-con-inner\">\n\t\t<div class=\"elementor-element elementor-element-01fac6a e-con-full e-flex e-con e-child\" data-id=\"01fac6a\" data-element_type=\"container\" data-e-type=\"container\">\n\t\t<div class=\"elementor-element elementor-element-ddd4bd0 e-con-full e-flex e-con e-child\" data-id=\"ddd4bd0\" data-element_type=\"container\" data-e-type=\"container\">\n\t\t<div class=\"elementor-element elementor-element-13eeda3 e-con-full e-flex e-con e-child\" data-id=\"13eeda3\" data-element_type=\"container\" data-e-type=\"container\">\n\t\t\t\t<div class=\"elementor-element elementor-element-af7fb2c elementor-widget elementor-widget-image\" data-id=\"af7fb2c\" data-element_type=\"widget\" data-e-type=\"widget\" data-widget_type=\"image.default\">\n\t\t\t\t<div class=\"elementor-widget-container\">\n\t\t\t\t\t\t\t\t\t\t\t\t\t\t\t<img loading=\"lazy\" decoding=\"async\" width=\"196\" height=\"244\" src=\"https:\/\/mittelstandsforum.org\/thueringen\/wp-content\/uploads\/sites\/17\/2026\/03\/foto-folgt-logo.jpg\" class=\"attachment-full size-full wp-image-187\" alt=\"\" \/>\t\t\t\t\t\t\t\t\t\t\t\t\t\t\t<\/div>\n\t\t\t\t<\/div>\n\t\t\t\t<\/div>\n\t\t<div class=\"elementor-element elementor-element-0176fcf e-con-full e-flex e-con e-child\" data-id=\"0176fcf\" data-element_type=\"container\" data-e-type=\"container\">\n\t\t\t\t<div class=\"elementor-element elementor-element-f1c20b3 elementor-widget elementor-widget-heading\" data-id=\"f1c20b3\" data-element_type=\"widget\" data-e-type=\"widget\" data-widget_type=\"heading.default\">\n\t\t\t\t<div class=\"elementor-widget-container\">\n\t\t\t\t\t<h5 class=\"elementor-heading-title elementor-size-default\">Rico Penthin<\/h5>\t\t\t\t<\/div>\n\t\t\t\t<\/div>\n\t\t\t\t<div class=\"elementor-element elementor-element-54e147f elementor-align-center elementor-icon-list--layout-traditional elementor-list-item-link-full_width elementor-widget elementor-widget-icon-list\" data-id=\"54e147f\" data-element_type=\"widget\" data-e-type=\"widget\" data-widget_type=\"icon-list.default\">\n\t\t\t\t<div class=\"elementor-widget-container\">\n\t\t\t\t\t\t\t<ul class=\"elementor-icon-list-items\">\n\t\t\t\t\t\t\t<li class=\"elementor-icon-list-item\">\n\t\t\t\t\t\t\t\t\t\t<span class=\"elementor-icon-list-text\">Beauftragter f\u00fcr Mitgliederbetreuung und Finanzen<\/span>\n\t\t\t\t\t\t\t\t\t<\/li>\n\t\t\t\t\t\t<\/ul>\n\t\t\t\t\t\t<\/div>\n\t\t\t\t<\/div>\n\t\t\t\t<\/div>\n\t\t\t\t<\/div>\n\t\t\t\t<\/div>\n\t\t<div class=\"elementor-element elementor-element-0195ea9 e-con-full e-flex e-con e-child\" data-id=\"0195ea9\" data-element_type=\"container\" data-e-type=\"container\">\n\t\t\t\t<\/div>\n\t\t\t\t\t<\/div>\n\t\t\t\t<\/div>\n\t\t\t\t<\/div>\n\t\t","protected":false},"excerpt":{"rendered":"<p>Th\u00fcringen Ihr Landesrepr\u00e4sentant in Th\u00fcringen: J\u00f6rg Prophet, MdL (Video) thueringen@mittelstandsforum.org Neuigkeiten aus Th\u00fcringen: Veranstaltungen &amp; Aktuelles mittelstandsforum.org\/thueringen\/blog\/ Team: Alexander Claus Referent f\u00fcr Wirtschaftspolitik und Pressearbeit Michael Maletz Beauftragter f\u00fcr Organisation und Veranstaltungen Rico Penthin Beauftragter f\u00fcr Mitgliederbetreuung und Finanzen<\/p>\n","protected":false},"author":1,"featured_media":0,"parent":0,"menu_order":0,"comment_status":"closed","ping_status":"open","template":"","meta":{"_acf_changed":false,"footnotes":""},"class_list":["post-2","page","type-page","status-publish","hentry"],"acf":[],"_links":{"self":[{"href":"https:\/\/mittelstandsforum.org\/thueringen\/wp-json\/wp\/v2\/pages\/2","targetHints":{"allow":["GET"]}}],"collection":[{"href":"https:\/\/mittelstandsforum.org\/thueringen\/wp-json\/wp\/v2\/pages"}],"about":[{"href":"https:\/\/mittelstandsforum.org\/thueringen\/wp-json\/wp\/v2\/types\/page"}],"author":[{"embeddable":true,"href":"https:\/\/mittelstandsforum.org\/thueringen\/wp-json\/wp\/v2\/users\/1"}],"replies":[{"embeddable":true,"href":"https:\/\/mittelstandsforum.org\/thueringen\/wp-json\/wp\/v2\/comments?post=2"}],"version-history":[{"count":73,"href":"https:\/\/mittelstandsforum.org\/thueringen\/wp-json\/wp\/v2\/pages\/2\/revisions"}],"predecessor-version":[{"id":205,"href":"https:\/\/mittelstandsforum.org\/thueringen\/wp-json\/wp\/v2\/pages\/2\/revisions\/205"}],"wp:attachment":[{"href":"https:\/\/mittelstandsforum.org\/thueringen\/wp-json\/wp\/v2\/media?parent=2"}],"curies":[{"name":"wp","href":"https:\/\/api.w.org\/{rel}","templated":true}]}}